{"id":8,"date":"2018-06-07T05:37:15","date_gmt":"2018-06-07T05:37:15","guid":{"rendered":"https:\/\/inverio.no\/index.php\/services\/"},"modified":"2022-03-20T19:45:05","modified_gmt":"2022-03-20T19:45:05","slug":"applikasjon","status":"publish","type":"page","link":"https:\/\/inverio.no\/index.php\/applikasjon\/","title":{"rendered":"Applikasjon"},"content":{"rendered":"\t\t<div data-elementor-type=\"wp-post\" data-elementor-id=\"8\" class=\"elementor elementor-8\">\n\t\t\t\t\t\t\t\t\t<section class=\"elementor-section elementor-top-section elementor-element elementor-element-f756a8f elementor-section-boxed elementor-section-height-default elementor-section-height-default\" data-id=\"f756a8f\" data-element_type=\"section\" data-settings=\"{&quot;background_background&quot;:&quot;classic&quot;}\">\n\t\t\t\t\t\t\t<div class=\"elementor-background-overlay\"><\/div>\n\t\t\t\t\t\t\t<div class=\"elementor-container elementor-column-gap-default\">\n\t\t\t\t\t<div class=\"elementor-column elementor-col-100 elementor-top-column elementor-element elementor-element-0817830\" data-id=\"0817830\" data-element_type=\"column\">\n\t\t\t<div class=\"elementor-widget-wrap elementor-element-populated\">\n\t\t\t\t\t\t\t\t<div class=\"elementor-element elementor-element-0e707d2 elementor-widget elementor-widget-heading\" data-id=\"0e707d2\" data-element_type=\"widget\" data-widget_type=\"heading.default\">\n\t\t\t\t<div class=\"elementor-widget-container\">\n\t\t\t<h1 class=\"elementor-heading-title elementor-size-default\">Inverio KDV<\/h1>\t\t<\/div>\n\t\t\t\t<\/div>\n\t\t\t\t\t<\/div>\n\t\t<\/div>\n\t\t\t\t\t\t\t<\/div>\n\t\t<\/section>\n\t\t\t\t<section class=\"elementor-section elementor-top-section elementor-element elementor-element-1467094 elementor-section-boxed elementor-section-height-default elementor-section-height-default\" data-id=\"1467094\" data-element_type=\"section\">\n\t\t\t\t\t\t<div class=\"elementor-container elementor-column-gap-default\">\n\t\t\t\t\t<div class=\"elementor-column elementor-col-100 elementor-top-column elementor-element elementor-element-2e0ad6f\" data-id=\"2e0ad6f\" data-element_type=\"column\">\n\t\t\t<div class=\"elementor-widget-wrap elementor-element-populated\">\n\t\t\t\t\t\t\t\t<div class=\"elementor-element elementor-element-6b093ca elementor-widget elementor-widget-image\" data-id=\"6b093ca\" data-element_type=\"widget\" data-widget_type=\"image.default\">\n\t\t\t\t<div class=\"elementor-widget-container\">\n\t\t\t\t\t\t\t\t\t\t\t\t\t\t\t<img loading=\"lazy\" decoding=\"async\" width=\"1024\" height=\"547\" src=\"https:\/\/inverio.no\/wp-content\/uploads\/2022\/03\/inverio-enheter-mockup-1-1024x547.png\" class=\"attachment-large size-large\" alt=\"\" srcset=\"https:\/\/inverio.no\/wp-content\/uploads\/2022\/03\/inverio-enheter-mockup-1-1024x547.png 1024w, https:\/\/inverio.no\/wp-content\/uploads\/2022\/03\/inverio-enheter-mockup-1-300x160.png 300w, https:\/\/inverio.no\/wp-content\/uploads\/2022\/03\/inverio-enheter-mockup-1-768x410.png 768w, https:\/\/inverio.no\/wp-content\/uploads\/2022\/03\/inverio-enheter-mockup-1.png 1227w\" sizes=\"auto, (max-width: 1024px) 100vw, 1024px\" \/>\t\t\t\t\t\t\t\t\t\t\t\t\t\t\t<\/div>\n\t\t\t\t<\/div>\n\t\t\t\t<div class=\"elementor-element elementor-element-66021f6 elementor-view-default elementor-vertical-align-top elementor-widget elementor-widget-icon-box\" data-id=\"66021f6\" data-element_type=\"widget\" data-widget_type=\"icon-box.default\">\n\t\t\t\t<div class=\"elementor-widget-container\">\n\t\t\t\t\t<div class=\"elementor-icon-box-wrapper\">\n\t\t\t\t\t\t<div class=\"elementor-icon-box-content\">\n\t\t\t\t<h2 class=\"elementor-icon-box-title\">\n\t\t\t\t\t<span  >\n\t\t\t\t\t\tPC, nettbrett eller mobil\t\t\t\t\t<\/span>\n\t\t\t\t<\/h2>\n\t\t\t\t\t\t\t\t\t<p class=\"elementor-icon-box-description\">\n\t\t\t\t\t\tInverio KDV kan brukes p\u00e5 alle enheter. Du jobber direkte i skyen hele tiden slik at alle kontroller er oppdatert til enhver tid\t\t\t\t\t<\/p>\n\t\t\t\t\t\t\t<\/div>\n\t\t<\/div>\n\t\t\t\t<\/div>\n\t\t\t\t<\/div>\n\t\t\t\t\t<\/div>\n\t\t<\/div>\n\t\t\t\t\t\t\t<\/div>\n\t\t<\/section>\n\t\t\t\t<section class=\"elementor-section elementor-top-section elementor-element elementor-element-8e93477 elementor-section-boxed elementor-section-height-default elementor-section-height-default\" data-id=\"8e93477\" data-element_type=\"section\">\n\t\t\t\t\t\t<div class=\"elementor-container elementor-column-gap-default\">\n\t\t\t\t\t<div class=\"elementor-column elementor-col-100 elementor-top-column elementor-element elementor-element-54670ff\" data-id=\"54670ff\" data-element_type=\"column\">\n\t\t\t<div class=\"elementor-widget-wrap elementor-element-populated\">\n\t\t\t\t\t\t\t\t<div class=\"elementor-element elementor-element-72574b3 elementor-view-default elementor-vertical-align-top elementor-widget elementor-widget-icon-box\" data-id=\"72574b3\" data-element_type=\"widget\" data-widget_type=\"icon-box.default\">\n\t\t\t\t<div class=\"elementor-widget-container\">\n\t\t\t\t\t<div class=\"elementor-icon-box-wrapper\">\n\t\t\t\t\t\t<div class=\"elementor-icon-box-content\">\n\t\t\t\t<h2 class=\"elementor-icon-box-title\">\n\t\t\t\t\t<span  >\n\t\t\t\t\t\tKontrollsystem for tekniske anlegg\t\t\t\t\t<\/span>\n\t\t\t\t<\/h2>\n\t\t\t\t\t\t\t\t\t<p class=\"elementor-icon-box-description\">\n\t\t\t\t\t\tInverio KDV ble utviklet p\u00e5 grunn av mangelen p\u00e5 fullgode internkontrollsystem for tekniske anlegg, da spesielt innenfor elektrikerbransjen\t\t\t\t\t<\/p>\n\t\t\t\t\t\t\t<\/div>\n\t\t<\/div>\n\t\t\t\t<\/div>\n\t\t\t\t<\/div>\n\t\t\t\t<div class=\"elementor-element elementor-element-f5ea191 elementor-widget elementor-widget-image\" data-id=\"f5ea191\" data-element_type=\"widget\" data-widget_type=\"image.default\">\n\t\t\t\t<div class=\"elementor-widget-container\">\n\t\t\t\t\t\t\t\t\t\t\t\t\t\t\t<img loading=\"lazy\" decoding=\"async\" width=\"861\" height=\"272\" src=\"https:\/\/inverio.no\/wp-content\/uploads\/2022\/03\/moduler.png\" class=\"attachment-large size-large\" alt=\"\" srcset=\"https:\/\/inverio.no\/wp-content\/uploads\/2022\/03\/moduler.png 861w, https:\/\/inverio.no\/wp-content\/uploads\/2022\/03\/moduler-300x95.png 300w, https:\/\/inverio.no\/wp-content\/uploads\/2022\/03\/moduler-768x243.png 768w\" sizes=\"auto, (max-width: 861px) 100vw, 861px\" \/>\t\t\t\t\t\t\t\t\t\t\t\t\t\t\t<\/div>\n\t\t\t\t<\/div>\n\t\t\t\t<div class=\"elementor-element elementor-element-2c80c2a elementor-widget elementor-widget-text-editor\" data-id=\"2c80c2a\" data-element_type=\"widget\" data-widget_type=\"text-editor.default\">\n\t\t\t\t<div class=\"elementor-widget-container\">\n\t\t\t\t\t\t\t<p>Inverio KDV har st\u00f8tte for 7 tekniske fag\/moduler med flere under utvikling. Moduler kan ogs\u00e5 lages etter \u00f8nske fra kunden, det er brukeren som styrer utviklingen av Inverio KDV.<\/p><p>\u00a0<\/p>\t\t\t\t\t\t<\/div>\n\t\t\t\t<\/div>\n\t\t\t\t\t<\/div>\n\t\t<\/div>\n\t\t\t\t\t\t\t<\/div>\n\t\t<\/section>\n\t\t\t\t<section class=\"elementor-section elementor-top-section elementor-element elementor-element-9c4c1c6 elementor-section-boxed elementor-section-height-default elementor-section-height-default\" data-id=\"9c4c1c6\" data-element_type=\"section\">\n\t\t\t\t\t\t<div class=\"elementor-container elementor-column-gap-default\">\n\t\t\t\t\t<div class=\"elementor-column elementor-col-100 elementor-top-column elementor-element elementor-element-377ab80\" data-id=\"377ab80\" data-element_type=\"column\">\n\t\t\t<div class=\"elementor-widget-wrap elementor-element-populated\">\n\t\t\t\t\t\t\t\t<section class=\"elementor-section elementor-inner-section elementor-element elementor-element-b17f2e3 elementor-section-boxed elementor-section-height-default elementor-section-height-default\" data-id=\"b17f2e3\" data-element_type=\"section\">\n\t\t\t\t\t\t<div class=\"elementor-container elementor-column-gap-default\">\n\t\t\t\t\t<div class=\"elementor-column elementor-col-50 elementor-inner-column elementor-element elementor-element-a113d64\" data-id=\"a113d64\" data-element_type=\"column\">\n\t\t\t<div class=\"elementor-widget-wrap\">\n\t\t\t\t\t\t\t\t\t<\/div>\n\t\t<\/div>\n\t\t\t\t<div class=\"elementor-column elementor-col-50 elementor-inner-column elementor-element elementor-element-98860f1\" data-id=\"98860f1\" data-element_type=\"column\">\n\t\t\t<div class=\"elementor-widget-wrap\">\n\t\t\t\t\t\t\t\t\t<\/div>\n\t\t<\/div>\n\t\t\t\t\t\t\t<\/div>\n\t\t<\/section>\n\t\t\t\t\t<\/div>\n\t\t<\/div>\n\t\t\t\t\t\t\t<\/div>\n\t\t<\/section>\n\t\t\t\t\t\t\t<\/div>\n\t\t","protected":false},"excerpt":{"rendered":"<p>Inverio KDV PC, nettbrett eller mobil Inverio KDV kan brukes p\u00e5 alle enheter. Du jobber direkte i skyen hele tiden slik at alle kontroller er oppdatert til enhver tid Kontrollsystem for tekniske anlegg Inverio KDV ble utviklet p\u00e5 grunn av mangelen p\u00e5 fullgode internkontrollsystem for tekniske anlegg, da spesielt innenfor elektrikerbransjen Inverio KDV har st\u00f8tte &hellip;<\/p>\n<p class=\"read-more\"> <a class=\"\" href=\"https:\/\/inverio.no\/index.php\/applikasjon\/\"> <span class=\"screen-reader-text\">Applikasjon<\/span> Read More \u00bb<\/a><\/p>\n","protected":false},"author":1,"featured_media":0,"parent":0,"menu_order":0,"comment_status":"closed","ping_status":"closed","template":"","meta":{"site-sidebar-layout":"no-sidebar","site-content-layout":"page-builder","ast-main-header-display":"","ast-hfb-above-header-display":"","ast-hfb-below-header-display":"","ast-hfb-mobile-header-display":"","site-post-title":"disabled","ast-breadcrumbs-content":"","ast-featured-img":"disabled","footer-sml-layout":"","theme-transparent-header-meta":"","adv-header-id-meta":"","stick-header-meta":"","header-above-stick-meta":"","header-main-stick-meta":"","header-below-stick-meta":"","footnotes":""},"class_list":["post-8","page","type-page","status-publish","hentry"],"_links":{"self":[{"href":"https:\/\/inverio.no\/index.php\/wp-json\/wp\/v2\/pages\/8","targetHints":{"allow":["GET"]}}],"collection":[{"href":"https:\/\/inverio.no\/index.php\/wp-json\/wp\/v2\/pages"}],"about":[{"href":"https:\/\/inverio.no\/index.php\/wp-json\/wp\/v2\/types\/page"}],"author":[{"embeddable":true,"href":"https:\/\/inverio.no\/index.php\/wp-json\/wp\/v2\/users\/1"}],"replies":[{"embeddable":true,"href":"https:\/\/inverio.no\/index.php\/wp-json\/wp\/v2\/comments?post=8"}],"version-history":[{"count":39,"href":"https:\/\/inverio.no\/index.php\/wp-json\/wp\/v2\/pages\/8\/revisions"}],"predecessor-version":[{"id":667,"href":"https:\/\/inverio.no\/index.php\/wp-json\/wp\/v2\/pages\/8\/revisions\/667"}],"wp:attachment":[{"href":"https:\/\/inverio.no\/index.php\/wp-json\/wp\/v2\/media?parent=8"}],"curies":[{"name":"wp","href":"https:\/\/api.w.org\/{rel}","templated":true}]}}